{"id":2,"date":"2017-09-18T21:20:10","date_gmt":"2017-09-19T03:20:10","guid":{"rendered":"https:\/\/foodscapingutah.org\/?page_id=2"},"modified":"2023-01-22T14:59:24","modified_gmt":"2023-01-22T21:59:24","slug":"about","status":"publish","type":"page","link":"https:\/\/foodscapingutah.org\/es\/","title":{"rendered":""},"content":{"rendered":"<blockquote class=\"wp-block-quote is-layout-flow wp-block-quote-is-layout-flow\">\n<p class=\"wp-block-paragraph\">Foodscaping is our opportunity to grow food, make art, and create a better world. <\/p>\n<\/blockquote>\n\n\n\n<h2 class=\"wp-block-heading has-text-align-center\">\u00bfQui\u00e9nes somos?<\/h2>\n\n\n\n<div class=\"wp-block-media-text alignwide has-media-on-the-right\"><div class=\"wp-block-media-text__content\">\n<p class=\"wp-block-paragraph\">Foodscaping Utah es una organizaci\u00f3n sin fines de lucro, m\u00e1s un grupo de voluntarios, dedicados a ayudar a las personas a empezar a cultivar sus propios alimentos.<\/p>\n\n\n\n<p class=\"wp-block-paragraph\">Help our nonprofit: <a href=\"https:\/\/foodscapingutah.org\/es\/donate\/\" data-type=\"URL\" data-id=\"https:\/\/foodscapingutah.org\/donate\/\">donate\/shop<\/a><\/p>\n<\/div><figure class=\"wp-block-media-text__media\"><img data-recalc-dims=\"1\" loading=\"lazy\" decoding=\"async\" width=\"736\" height=\"535\" data-attachment-id=\"1479\" data-permalink=\"https:\/\/foodscapingutah.org\/es\/about\/img_2661\/\" data-orig-file=\"https:\/\/i0.wp.com\/foodscapingutah.org\/wp-content\/uploads\/2019\/08\/img_2661.jpg?fit=3940%2C2864&amp;ssl=1\" data-orig-size=\"3940,2864\" data-comments-opened=\"1\" data-image-meta=\"{&quot;aperture&quot;:&quot;1.8&quot;,&quot;credit&quot;:&quot;&quot;,&quot;camera&quot;:&quot;iPhone 7 Plus&quot;,&quot;caption&quot;:&quot;&quot;,&quot;created_timestamp&quot;:&quot;1532856554&quot;,&quot;copyright&quot;:&quot;&quot;,&quot;focal_length&quot;:&quot;3.99&quot;,&quot;iso&quot;:&quot;20&quot;,&quot;shutter_speed&quot;:&quot;0.00074074074074074&quot;,&quot;title&quot;:&quot;&quot;,&quot;orientation&quot;:&quot;0&quot;,&quot;latitude&quot;:&quot;41.188647222222&quot;,&quot;longitude&quot;:&quot;-111.95072222222&quot;}\" data-image-title=\"IMG_2661\" data-image-description=\"\" data-image-caption=\"\" data-medium-file=\"https:\/\/i0.wp.com\/foodscapingutah.org\/wp-content\/uploads\/2019\/08\/img_2661.jpg?fit=300%2C218&amp;ssl=1\" data-large-file=\"https:\/\/i0.wp.com\/foodscapingutah.org\/wp-content\/uploads\/2019\/08\/img_2661.jpg?fit=736%2C535&amp;ssl=1\" src=\"https:\/\/i0.wp.com\/foodscapingutah.org\/wp-content\/uploads\/2019\/08\/img_2661.jpg?resize=736%2C535&#038;ssl=1\" alt=\"\" class=\"wp-image-1479 size-full\"\/><\/figure><\/div>\n\n\n\n<div class=\"wp-block-media-text alignwide\" style=\"grid-template-columns:48% auto\"><figure class=\"wp-block-media-text__media\"><img data-recalc-dims=\"1\" loading=\"lazy\" decoding=\"async\" width=\"736\" height=\"552\" data-attachment-id=\"1481\" data-permalink=\"https:\/\/foodscapingutah.org\/es\/img_4758\/\" data-orig-file=\"https:\/\/i0.wp.com\/foodscapingutah.org\/wp-content\/uploads\/2019\/08\/img_4758.jpg?fit=4032%2C3024&amp;ssl=1\" data-orig-size=\"4032,3024\" data-comments-opened=\"1\" data-image-meta=\"{&quot;aperture&quot;:&quot;2.2&quot;,&quot;credit&quot;:&quot;&quot;,&quot;camera&quot;:&quot;iPhone SE&quot;,&quot;caption&quot;:&quot;&quot;,&quot;created_timestamp&quot;:&quot;1557587738&quot;,&quot;copyright&quot;:&quot;&quot;,&quot;focal_length&quot;:&quot;4.15&quot;,&quot;iso&quot;:&quot;25&quot;,&quot;shutter_speed&quot;:&quot;0.00075414781297134&quot;,&quot;title&quot;:&quot;&quot;,&quot;orientation&quot;:&quot;1&quot;}\" data-image-title=\"img_4758\" data-image-description=\"\" data-image-caption=\"\" data-medium-file=\"https:\/\/i0.wp.com\/foodscapingutah.org\/wp-content\/uploads\/2019\/08\/img_4758.jpg?fit=300%2C225&amp;ssl=1\" data-large-file=\"https:\/\/i0.wp.com\/foodscapingutah.org\/wp-content\/uploads\/2019\/08\/img_4758.jpg?fit=736%2C552&amp;ssl=1\" src=\"https:\/\/i0.wp.com\/foodscapingutah.org\/wp-content\/uploads\/2019\/08\/img_4758.jpg?resize=736%2C552&#038;ssl=1\" alt=\"\" class=\"wp-image-1481 size-full\"\/><\/figure><div class=\"wp-block-media-text__content\">\n<p class=\"wp-block-paragraph\">Para aquellas personas que vivan cerca de Ogden, Utah, ofrecemos nuestro tiempo y atenci\u00f3n para poder ayudarles de varias maneras. Por ejemplo, damos ayuda y consejos para sembrar un peque\u00f1o jard\u00edn, aprendizaje pr\u00e1ctico de una manera directa, oportunidades de voluntariado, y clases de jardiner\u00eda.<\/p>\n<\/div><\/div>\n\n\n\n<div class=\"wp-block-media-text alignwide has-media-on-the-right\"><div class=\"wp-block-media-text__content\">\n<p class=\"wp-block-paragraph\">Para esas personas que vivan lejos, ofrecemos ayuda de una manera cibern\u00e9tica en nuestro <a href=\"https:\/\/www.youtube.com\/channel\/UCOmHL1601YKWfoHqRNeY4cQ?view_as=subscriber\" target=\"_blank\" rel=\"noreferrer noopener\" aria-label=\" (opens in a new tab)\">Canal de YouTube<\/a>&nbsp;y <a href=\"http:\/\/foodscapingutah.org\/es\/blog-posts\/\">blog de aprendizaje<\/a>.<\/p>\n<\/div><figure class=\"wp-block-media-text__media\"><img data-recalc-dims=\"1\" loading=\"lazy\" decoding=\"async\" width=\"736\" height=\"414\" data-attachment-id=\"1510\" data-permalink=\"https:\/\/foodscapingutah.org\/es\/about\/tumbnail\/\" data-orig-file=\"https:\/\/i0.wp.com\/foodscapingutah.org\/wp-content\/uploads\/2019\/08\/tumbnail.png?fit=1920%2C1080&amp;ssl=1\" data-orig-size=\"1920,1080\" data-comments-opened=\"1\" data-image-meta=\"{&quot;aperture&quot;:&quot;0&quot;,&quot;credit&quot;:&quot;&quot;,&quot;camera&quot;:&quot;&quot;,&quot;caption&quot;:&quot;&quot;,&quot;created_timestamp&quot;:&quot;0&quot;,&quot;copyright&quot;:&quot;&quot;,&quot;focal_length&quot;:&quot;0&quot;,&quot;iso&quot;:&quot;0&quot;,&quot;shutter_speed&quot;:&quot;0&quot;,&quot;title&quot;:&quot;&quot;,&quot;orientation&quot;:&quot;0&quot;}\" data-image-title=\"Tumbnail\" data-image-description=\"\" data-image-caption=\"\" data-medium-file=\"https:\/\/i0.wp.com\/foodscapingutah.org\/wp-content\/uploads\/2019\/08\/tumbnail.png?fit=300%2C169&amp;ssl=1\" data-large-file=\"https:\/\/i0.wp.com\/foodscapingutah.org\/wp-content\/uploads\/2019\/08\/tumbnail.png?fit=736%2C414&amp;ssl=1\" src=\"https:\/\/i0.wp.com\/foodscapingutah.org\/wp-content\/uploads\/2019\/08\/tumbnail.png?resize=736%2C414&#038;ssl=1\" alt=\"\" class=\"wp-image-1510 size-full\"\/><\/figure><\/div>\n\n\n\n<h4 class=\"wp-block-heading has-text-align-center\">Oportunidades para aprender a cultivar sus propios alimentos y consejos para el mantenimiento de su jard\u00edn:<\/h4>\n\n\n\n<ul class=\"wp-block-list\">\n<li><a href=\"https:\/\/foodscapingutah.org\/es\/volunteer\/\" target=\"_blank\" rel=\"noreferrer noopener\" aria-label=\" (opens in a new tab)\">\u00a1Necesitamos voluntarios!<\/a> para aprender jardiner\u00eda de forma pr\u00e1ctica y directa.<\/li>\n\n\n\n<li>Llene esta <a href=\"http:\/\/foodscapingutah.org\/es\/foodscape-applicant\/\">'aplicaci\u00f3n becaria'.)<\/a> para solicitar nuestra ayuda en la instalaci\u00f3n de un nuevo jard\u00edn en su casa. Est\u00e1 es una gran oportunidad para aprender sobre diferentes semillas, verduras, frutas y c\u00f3mo mantenerlas.<\/li>\n\n\n\n<li>Vea este enlace para leer sobre las 3 claves para una siembra exitosa: <a href=\"https:\/\/foodscapingutah.org\/es\/2018\/01\/15\/getting-started-3-keys-to-success\/\" target=\"_blank\" rel=\"noreferrer noopener\" aria-label=\"3 keys to success (opens in a new tab)\">3 keys to success<\/a><\/li>\n\n\n\n<li>Creamos est\u00e1 <a href=\"http:\/\/foodscapingutah.org\/es\/foodscape-gallery\/\">galer\u00eda<\/a>&nbsp;para darle ideas de dise\u00f1os diferentes <a href=\"http:\/\/foodscapingutah.org\/es\/gallery-of-demonstration-foodscape\/\" target=\"_blank\" rel=\"noreferrer noopener\" aria-label=\" (opens in a new tab)\">. Hemos incluido fotograf\u00edas de nuestro jard\u00edn casero. De est\u00e1 manera, usted puede ver c\u00f3mo se ve el resultado final.<\/a><\/li>\n\n\n\n<li>En la pesta\u00f1a titulada <a href=\"http:\/\/foodscapingutah.org\/es\/blog\/\">\u201caprender\u201d<\/a>,encontrar\u00e1 informaci\u00f3n sobre <a href=\"https:\/\/foodscapingutah.org\/es\/2018\/04\/18\/video-foodscaping-our-frontyard\/\" target=\"_blank\" rel=\"noreferrer noopener\" aria-label=\" (opens in a new tab)\">c\u00f3mo instalar c\u00e9sped en tu patio<\/a>el cultivo de <a href=\"https:\/\/foodscapingutah.org\/es\/category\/fruit-trees-grapes\/\">el cultivo de \u00e1rboles frutales y uvas<\/a>y <a href=\"https:\/\/foodscapingutah.org\/es\/2019\/06\/08\/5-tips-for-planting-vegetables\/\" target=\"_blank\" rel=\"noreferrer noopener\" aria-label=\"vegetables (opens in a new tab)\">el cultivo de verduras<\/a>, installing <a href=\"https:\/\/foodscapingutah.org\/es\/2018\/04\/27\/video-installing-drip-irrigation\/\">y la instalaci\u00f3n de riego por goteo (drip irrigation)<\/a>as\u00ed como <a href=\"https:\/\/foodscapingutah.org\/es\/category\/video-tours\/\" target=\"_blank\" rel=\"noreferrer noopener\" aria-label=\"tours (opens in a new tab)\">como recorridos en video<\/a> de nuestro jard\u00edn casero y much\u00edsimo m\u00e1s.<\/li>\n<\/ul>\n\n\n\n<h4 class=\"wp-block-heading has-text-align-center\">M\u00e1s informaci\u00f3n sobre nuestra organizaci\u00f3n y nuestra misi\u00f3n<\/h4>\n\n\n\n<p class=\"wp-block-paragraph\">Nuestra misi\u00f3n b\u00e1sica es ayudar a la genta a obtener el conocimiento y las habilidades necesarias para cultivar sus propios alimentos. Nuestra misi\u00f3n m\u00e1s grandiosa es transformar las comunidades a trav\u00e9s de nuestra organizaci\u00f3n que cambian la forma en que pensamos acerca de los alimentos, as\u00ed como la forma en que interactuamos con nuestros paisajes diariamente. Tenemos el presentimiento que a la gente le encantar\u00eda cultivar algunos de sus propios alimentos si tuvieran algo de ayuda para empezar. Las frutas y verduras cultivadas en casa tienen un sabor y un saz\u00f3n delicioso, son incre\u00edblemente nutritivas y aportan belleza a nuestro entorno.<\/p>\n\n\n\n<p class=\"wp-block-paragraph\">\u00c9chenle un vistazo a nuestro <a rel=\"noreferrer noopener\" href=\"https:\/\/foodscapingutah.org\/es\/2020\/09\/05\/foodscaping-ted-talk-start-your-own-group-materials-grant-radioactive-with-punk-rock-farmer\/\" target=\"_blank\">blog sobre la experiencia inolvidable de dar un TEDx Talk<\/a> y despl\u00e1zate hasta la parte inferior de la p\u00e1gina para encontrar enlaces para seguir nuestro blog de aprendizaje a trav\u00e9s del correo electr\u00f3nico (abajo a la derecha) o a trav\u00e9s de wordpress (abajo a la izquierda.) S\u00edguenos en&nbsp;<a href=\"https:\/\/www.facebook.com\/foodscapingutah\/\">Facebook<\/a>, en <a rel=\"noreferrer noopener\" aria-label=\"instagram (opens in a new tab)\" href=\"https:\/\/www.instagram.com\/foodscapingutah\/\" target=\"_blank\">Instagram<\/a>&nbsp;y suscr\u00edbete a nuestro <a rel=\"noopener noreferrer\" href=\"https:\/\/www.youtube.com\/channel\/UCOmHL1601YKWfoHqRNeY4cQ?view_as=subscriber\" target=\"_blank\">Canal de YouTube<\/a>Esperamos que encuentre nuestra p\u00e1gina de internet agradable, educativa y hasta inspiradora. \nNuestra organizaci\u00f3n Foodscaping Utah, fue fundada en Ogden, Utah por John y Holly Trimble en 2017.<\/p>\n\n\n\n<figure class=\"wp-block-embed is-type-video is-provider-youtube wp-block-embed-youtube wp-embed-aspect-16-9 wp-has-aspect-ratio\"><div class=\"wp-block-embed__wrapper\">\n<div class=\"jetpack-video-wrapper\"><span class=\"embed-youtube\" style=\"text-align:center; display: block;\"><iframe loading=\"lazy\" class=\"youtube-player\" width=\"736\" height=\"414\" src=\"https:\/\/www.youtube.com\/embed\/6gaLvVhd7ZY?version=3&#038;rel=1&#038;showsearch=0&#038;showinfo=1&#038;iv_load_policy=1&#038;fs=1&#038;hl=es-MX&#038;autohide=2&#038;wmode=transparent\" allowfullscreen=\"true\" style=\"border:0;\" sandbox=\"allow-scripts allow-same-origin allow-popups allow-presentation allow-popups-to-escape-sandbox\"><\/iframe><\/span><\/div>\n<\/div><\/figure>\n\n\n\n<blockquote class=\"wp-block-quote is-layout-flow wp-block-quote-is-layout-flow\">\n<p class=\"wp-block-paragraph\"><\/p>\n<\/blockquote>\n\n\n\n<p class=\"wp-block-paragraph\">Hello! Thank you for checking out our site! Did you notice it does not have advertisements? Foodscaping Utah is an educational nonprofit organization. In an effort to provide easily accessible educational material, we do not sell advertisements on our website. If you find the information valuable and would like to help us develop more educational content and programs, please visit our <a href=\"https:\/\/foodscapingutah.org\/es\/donate\/\">Donaciones\/tienda virtual<\/a> page. Thanks!<\/p>","protected":false},"excerpt":{"rendered":"<p>Helping people transform yards into foodscapes<\/p>","protected":false},"author":128102943,"featured_media":1595,"parent":0,"menu_order":1,"comment_status":"closed","ping_status":"closed","template":"","meta":{"_coblocks_attr":"","_coblocks_dimensions":"","_coblocks_responsive_height":"","_coblocks_accordion_ie_support":"","_crdt_document":"","advanced_seo_description":"","jetpack_seo_html_title":"","jetpack_seo_noindex":false,"jetpack_post_was_ever_published":false,"footnotes":""},"class_list":["post-2","page","type-page","status-publish","has-post-thumbnail","hentry","clear"],"jetpack_likes_enabled":true,"jetpack_sharing_enabled":true,"jetpack_shortlink":"https:\/\/wp.me\/P9caDv-2","amp_enabled":false,"_links":{"self":[{"href":"https:\/\/foodscapingutah.org\/es\/wp-json\/wp\/v2\/pages\/2","targetHints":{"allow":["GET"]}}],"collection":[{"href":"https:\/\/foodscapingutah.org\/es\/wp-json\/wp\/v2\/pages"}],"about":[{"href":"https:\/\/foodscapingutah.org\/es\/wp-json\/wp\/v2\/types\/page"}],"author":[{"embeddable":true,"href":"https:\/\/foodscapingutah.org\/es\/wp-json\/wp\/v2\/users\/128102943"}],"replies":[{"embeddable":true,"href":"https:\/\/foodscapingutah.org\/es\/wp-json\/wp\/v2\/comments?post=2"}],"version-history":[{"count":34,"href":"https:\/\/foodscapingutah.org\/es\/wp-json\/wp\/v2\/pages\/2\/revisions"}],"predecessor-version":[{"id":5409,"href":"https:\/\/foodscapingutah.org\/es\/wp-json\/wp\/v2\/pages\/2\/revisions\/5409"}],"wp:featuredmedia":[{"embeddable":true,"href":"https:\/\/foodscapingutah.org\/es\/wp-json\/wp\/v2\/media\/1595"}],"wp:attachment":[{"href":"https:\/\/foodscapingutah.org\/es\/wp-json\/wp\/v2\/media?parent=2"}],"curies":[{"name":"wp","href":"https:\/\/api.w.org\/{rel}","templated":true}]}}