{"id":2264,"date":"2020-08-19T11:40:48","date_gmt":"2020-08-19T17:40:48","guid":{"rendered":"http:\/\/foodscapingutah.org\/?page_id=2264"},"modified":"2020-08-19T21:50:03","modified_gmt":"2020-08-20T03:50:03","slug":"start-a-foodscaping-group","status":"publish","type":"page","link":"https:\/\/foodscapingutah.org\/es\/start-a-foodscaping-group\/","title":{"rendered":"Inicie su propio grupo de jardiner\u00eda"},"content":{"rendered":"<div style=\"height:32px;\" aria-hidden=\"true\" class=\"wp-block-spacer\"><\/div>\n\n\n\n<blockquote class=\"wp-block-quote is-layout-flow wp-block-quote-is-layout-flow\"><p><em style=\"font-size:inherit;\">La jardiner\u00eda es la forma m\u00e1s eficaz de traer belleza a nuestro entorno, como tambi\u00e9n el sabor y la nutrici\u00f3n a nuestros alimentos y a nuestra dieta.<\/em><\/p><cite>John C. Trimble. TEDxOgden 2020<\/cite><\/blockquote>\n\n\n\n<h2 class=\"has-text-align-center wp-block-heading\">Los pasos a seguir<\/h2>\n\n\n\n<ol class=\"wp-block-list\"><li>Contacte al programa de jardineros expertos, prove\u00eddos como una extensi\u00f3n de la Universidad Estatal de Utah en su condado y vea si hay jardineros con m\u00e1s experiencia que puedan prestarse como voluntarios con su organizaci\u00f3n. Esto agrega conocimiento, experiencia y confiabilidad a su grupo instant\u00e1neamente.<\/li><li>Decida c\u00f3mo se podr\u00e1n en contacto los solicitantes con usted.<ol><li>Hay que crear una direcci\u00f3n de correo electr\u00f3nico<\/li><li>Crear una p\u00e1gina o grupo por Facebook, Twitter, Google, etc. Dedicada a su grupo personal o organizaci\u00f3n.<\/li><li>\u00bfTe sientes un poco aventurero\/aventurera? Dise\u00f1e su propia p\u00e1gina web. (nosotros utilizamos la aplicaci\u00f3n de wordpress para nuestra p\u00e1gina)<\/li><li>Cu\u00e9ntele a sus amigos,familiares y parientes sobre su group\/organizaci\u00f3n.\u00a0<\/li><li>Haga anuncios y panfletos.<\/li><\/ol><\/li><li>Organice un d\u00eda de consultas por s\u00ed alguien en su grupo tiene preguntas y d\u00edas para hacer jardiner\u00eda juntos. Vea los enlaces a los documentos disponibles m\u00e1s abajo.<\/li><li>Por favor cu\u00e9ntenos sobre su experiencia. <a href=\"https:\/\/foodscapingutah.org\/es\/contact\/\" target=\"_blank\" rel=\"noreferrer noopener\">Cont\u00e1ctenos<\/a>y h\u00e1ganos saber si es que tiene alguna pregunta.<\/li><\/ol>\n\n\n\n<h4 class=\"wp-block-heading\">Gu\u00edas (documentos) para poder organizar un d\u00eda de jardiner\u00eda como grupo:<\/h4>\n\n\n\n<div class=\"wp-block-file\"><a href=\"https:\/\/foodscapingutah.org\/wp-content\/uploads\/2020\/08\/foodscaping-volunteer-day-step-by-step.pdf\">foodscaping-volunteer-day-step-by-step<\/a><a href=\"https:\/\/foodscapingutah.org\/wp-content\/uploads\/2020\/08\/foodscaping-volunteer-day-step-by-step.pdf\" class=\"wp-block-file__button\" download>Download<\/a><\/div>\n\n\n\n<div class=\"wp-block-file\"><a href=\"https:\/\/foodscapingutah.org\/wp-content\/uploads\/2020\/08\/foodscaping-volunteer-day-dos-and-donts-1.pdf\">foodscaping-volunteer-day-dos-and-donts<\/a><a href=\"https:\/\/foodscapingutah.org\/wp-content\/uploads\/2020\/08\/foodscaping-volunteer-day-dos-and-donts-1.pdf\" class=\"wp-block-file__button\" download>Download<\/a><\/div>\n\n\n\n<div class=\"wp-block-file\"><a href=\"https:\/\/foodscapingutah.org\/wp-content\/uploads\/2020\/08\/foodscaping-utah-release-of-liability.pdf\">foodscaping-utah-release-of-liability<\/a><a href=\"https:\/\/foodscapingutah.org\/wp-content\/uploads\/2020\/08\/foodscaping-utah-release-of-liability.pdf\" class=\"wp-block-file__button\" download>Download<\/a><\/div>\n\n\n\n<div class=\"wp-block-file\"><a href=\"https:\/\/foodscapingutah.org\/wp-content\/uploads\/2020\/08\/foodscaping-utah-homeowner-release.pdf\">foodscaping-utah-homeowner-release<\/a><a href=\"https:\/\/foodscapingutah.org\/wp-content\/uploads\/2020\/08\/foodscaping-utah-homeowner-release.pdf\" class=\"wp-block-file__button\" download>Download<\/a><\/div>\n\n\n\n<h4 class=\"wp-block-heading\">Este es un ejemplo de los materiales y dimensiones necesarias para construir sus propios bancales elevados:<\/h4>\n\n\n\n<h5 class=\"wp-block-heading\">3.05 X 1.22 metros con una banca de 15.24 cent\u00edmetros en ambos lados. <a href=\"https:\/\/foodscapingutah.org\/es\/2018\/01\/15\/preparing-garden-beds-part-2-raised-beds\/\" target=\"_blank\" rel=\"noreferrer noopener\">more on raised beds<\/a>)<\/h5>\n\n\n\n<div class=\"wp-block-media-text alignwide has-media-on-the-right is-stacked-on-mobile\"><figure class=\"wp-block-media-text__media\"><img data-recalc-dims=\"1\" loading=\"lazy\" decoding=\"async\" width=\"521\" height=\"744\" data-attachment-id=\"2279\" data-permalink=\"https:\/\/foodscapingutah.org\/es\/start-a-foodscaping-group\/raised-bed-sketch\/\" data-orig-file=\"https:\/\/i0.wp.com\/foodscapingutah.org\/wp-content\/uploads\/2020\/08\/raised-bed-sketch.png?fit=521%2C744&amp;ssl=1\" data-orig-size=\"521,744\" data-comments-opened=\"1\" data-image-meta=\"{&quot;aperture&quot;:&quot;0&quot;,&quot;credit&quot;:&quot;&quot;,&quot;camera&quot;:&quot;&quot;,&quot;caption&quot;:&quot;&quot;,&quot;created_timestamp&quot;:&quot;0&quot;,&quot;copyright&quot;:&quot;&quot;,&quot;focal_length&quot;:&quot;0&quot;,&quot;iso&quot;:&quot;0&quot;,&quot;shutter_speed&quot;:&quot;0&quot;,&quot;title&quot;:&quot;&quot;,&quot;orientation&quot;:&quot;0&quot;}\" data-image-title=\"Raised Bed Sketch\" data-image-description=\"\" data-image-caption=\"\" data-large-file=\"https:\/\/i0.wp.com\/foodscapingutah.org\/wp-content\/uploads\/2020\/08\/raised-bed-sketch.png?fit=521%2C744&amp;ssl=1\" src=\"https:\/\/i0.wp.com\/foodscapingutah.org\/wp-content\/uploads\/2020\/08\/raised-bed-sketch.png?resize=521%2C744&#038;ssl=1\" alt=\"\" class=\"wp-image-2279\" \/><\/figure><div class=\"wp-block-media-text__content\">\n<ul class=\"wp-block-list\" id=\"block-b7614f64-8398-443a-b605-5f86c31e8a82\"><li>3, tablas de madera de estas dimensiones: 0.61 X 3.66 metros. Se sugiere que corte un trozo de madera entera (3.05 metros) a la mitad = 1.52 metros.<\/li><li>2, tablas de madera de estas dimensiones: 0.61 X 1.83 metros = 10 pies. Para hacer bancos en cada lado.<\/li><li>Un, trozo de madera de esta dimensi\u00f3n: 2.44 metros = 8 pies, para hacer 6 piezas de 40.64 cent\u00edmetros = 16 pulgadas, cada una.<\/li><li>Suficiente abono para cubrir 137 cent\u00edmetros de largo y 30 cent\u00edmetros de profundidad. = 1 yarda y media (1.5)<\/li><li>Una caja de tornillos de cabeza en forma de estrella, plana, de 7 cent\u00edmetros \/ 3 pulgadas.&nbsp;<\/li><\/ul>\n<\/div><\/div>\n\n\n\n<div class=\"wp-block-image\"><figure class=\"aligncenter size-large is-resized\"><img data-recalc-dims=\"1\" loading=\"lazy\" decoding=\"async\" data-attachment-id=\"934\" data-permalink=\"https:\/\/foodscapingutah.org\/es\/gallery-of-demonstration-foodscape\/img_1050\/\" data-orig-file=\"https:\/\/i0.wp.com\/foodscapingutah.org\/wp-content\/uploads\/2018\/08\/img_1050.jpg?fit=3264%2C2448&amp;ssl=1\" data-orig-size=\"3264,2448\" data-comments-opened=\"1\" data-image-meta=\"{&quot;aperture&quot;:&quot;2.2&quot;,&quot;credit&quot;:&quot;&quot;,&quot;camera&quot;:&quot;iPhone 6&quot;,&quot;caption&quot;:&quot;&quot;,&quot;created_timestamp&quot;:&quot;1523726960&quot;,&quot;copyright&quot;:&quot;&quot;,&quot;focal_length&quot;:&quot;4.15&quot;,&quot;iso&quot;:&quot;32&quot;,&quot;shutter_speed&quot;:&quot;0.001187648456057&quot;,&quot;title&quot;:&quot;&quot;,&quot;orientation&quot;:&quot;1&quot;}\" data-image-title=\"IMG_1050\" data-image-description=\"\" data-image-caption=\"&lt;p&gt;April 2018&lt;\/p&gt;\" data-large-file=\"https:\/\/i0.wp.com\/foodscapingutah.org\/wp-content\/uploads\/2018\/08\/img_1050.jpg?fit=736%2C552&amp;ssl=1\" src=\"https:\/\/i0.wp.com\/foodscapingutah.org\/wp-content\/uploads\/2018\/08\/img_1050.jpg?resize=578%2C434&#038;ssl=1\" alt=\"\" class=\"wp-image-934\" width=\"578\" height=\"434\" \/><\/figure><\/div>\n\n\n\n<p class=\"wp-block-paragraph\">Para aprender un poco m\u00e1s visite nuestra p\u00e1gina titulada \" <a href=\"https:\/\/foodscapingutah.org\/es\/category\/getting-started\/\" target=\"_blank\" rel=\"noreferrer noopener\">c\u00f3mo empezar a cultivar su propio jard\u00edn.\"<\/a> tab<\/p>","protected":false},"excerpt":{"rendered":"<p>Foodscaping is the way we bring not only beauty to our surroundings, but also affordability, flavor and nutrition back to our food. John C. Trimble. TEDxOgden 2020 Steps: Contact your state extension master gardener program for your county.\u00a0 See if Master Gardeners can get volunteer hours volunteering with your organization. This will be an instant&#8230; <a class=\"more-link\" href=\"https:\/\/foodscapingutah.org\/es\/start-a-foodscaping-group\/#more-2264\">Continue Reading &rarr;<\/a><\/p>","protected":false},"author":128102943,"featured_media":1754,"parent":0,"menu_order":0,"comment_status":"closed","ping_status":"closed","template":"","meta":{"_coblocks_attr":"","_coblocks_dimensions":"","_coblocks_responsive_height":"","_coblocks_accordion_ie_support":"","_crdt_document":"","advanced_seo_description":"","jetpack_seo_html_title":"","jetpack_seo_noindex":false,"footnotes":""},"class_list":["post-2264","page","type-page","status-publish","has-post-thumbnail","hentry","clear"],"jetpack_likes_enabled":true,"jetpack_sharing_enabled":true,"jetpack_shortlink":"https:\/\/wp.me\/P9caDv-Aw","amp_enabled":true,"_links":{"self":[{"href":"https:\/\/foodscapingutah.org\/es\/wp-json\/wp\/v2\/pages\/2264","targetHints":{"allow":["GET"]}}],"collection":[{"href":"https:\/\/foodscapingutah.org\/es\/wp-json\/wp\/v2\/pages"}],"about":[{"href":"https:\/\/foodscapingutah.org\/es\/wp-json\/wp\/v2\/types\/page"}],"author":[{"embeddable":true,"href":"https:\/\/foodscapingutah.org\/es\/wp-json\/wp\/v2\/users\/128102943"}],"replies":[{"embeddable":true,"href":"https:\/\/foodscapingutah.org\/es\/wp-json\/wp\/v2\/comments?post=2264"}],"version-history":[{"count":26,"href":"https:\/\/foodscapingutah.org\/es\/wp-json\/wp\/v2\/pages\/2264\/revisions"}],"predecessor-version":[{"id":3196,"href":"https:\/\/foodscapingutah.org\/es\/wp-json\/wp\/v2\/pages\/2264\/revisions\/3196"}],"wp:featuredmedia":[{"embeddable":true,"href":"https:\/\/foodscapingutah.org\/es\/wp-json\/wp\/v2\/media\/1754"}],"wp:attachment":[{"href":"https:\/\/foodscapingutah.org\/es\/wp-json\/wp\/v2\/media?parent=2264"}],"curies":[{"name":"wp","href":"https:\/\/api.w.org\/{rel}","templated":true}]}}